{"id":232,"date":"2016-08-28T09:55:24","date_gmt":"2016-08-28T07:55:24","guid":{"rendered":"http:\/\/shazzam.flypub.com\/?page_id=232"},"modified":"2025-10-10T18:10:47","modified_gmt":"2025-10-10T16:10:47","slug":"inscription-et-reglement","status":"publish","type":"page","link":"https:\/\/shazzam.fr\/?page_id=232","title":{"rendered":"Inscription et tarifs"},"content":{"rendered":"<p data-start=\"246\" data-end=\"439\"><strong data-start=\"246\" data-end=\"299\">Les inscriptions se font en ligne sur HelloAsso :<\/strong><br data-start=\"299\" data-end=\"302\" \/>\ud83d\udc49 <a class=\"\" href=\"https:\/\/www.helloasso.com\/associations\/shazz-am\/adhesions\/inscriptions-shazz-am-2025-2026\" target=\"_new\" rel=\"noopener\" data-start=\"305\" data-end=\"439\"><strong data-start=\"306\" data-end=\"347\">Je m\u2019inscris pour la saison 2025\u20132026<\/strong><\/a><\/p>\n<p data-start=\"446\" data-end=\"473\"><strong data-start=\"446\" data-end=\"473\">Comment \u00e7a fonctionne ?<\/strong><\/p>\n<p data-start=\"475\" data-end=\"687\">\u2013 Lors de l\u2019inscription en ligne, un montant de <strong data-start=\"523\" data-end=\"531\">10\u202f\u20ac<\/strong> est demand\u00e9.<br data-start=\"544\" data-end=\"547\" \/>Il s\u2019agit de l\u2019<strong data-start=\"562\" data-end=\"590\">adh\u00e9sion \u00e0 l\u2019association<\/strong>, et cela permet de <strong data-start=\"610\" data-end=\"654\">r\u00e9server une place pour le cours d\u2019essai<\/strong> (le premier cours de la saison).<\/p>\n<p data-start=\"689\" data-end=\"815\">\u2013 Un <strong data-start=\"694\" data-end=\"718\">mail de confirmation<\/strong> sera envoy\u00e9 <strong data-start=\"731\" data-end=\"743\">fin ao\u00fbt<\/strong> avec les informations pratiques pour r\u00e9gler la <strong data-start=\"791\" data-end=\"814\">cotisation annuelle<\/strong>.<\/p>\n<p data-start=\"817\" data-end=\"973\">\u2013 Le r\u00e8glement devra \u00eatre effectu\u00e9 <strong data-start=\"852\" data-end=\"902\">au plus tard le jour du forum des associations<\/strong>, le <strong data-start=\"907\" data-end=\"927\">6 septembre 2025<\/strong>, par <strong data-start=\"933\" data-end=\"943\">ch\u00e8que<\/strong>, <strong data-start=\"945\" data-end=\"957\">virement<\/strong> ou <strong data-start=\"961\" data-end=\"972\">esp\u00e8ces<\/strong>.*<\/p>\n<p>Les cours d\u00e9butent la semaine du 15 septembre 2025 aux jours et horaires indiqu\u00e9s.<\/p>\n\n\n<table>\n  <thead>\n    <tr>\n      <th>Activit\u00e9<\/th>\n      <th>Public<\/th>\n      <th>Tarif annuel<\/th>\n    <\/tr>\n  <\/thead>\n  <tbody>\n    <tr>\n      <td>\u00c9veil corporel et artistique<\/td>\n      <td>Enfants (3\u20136 ans)<\/td>\n      <td>150 \u20ac<\/td>\n    <\/tr>\n    <tr>\n      <td>Arts cr\u00e9atifs<\/td>\n      <td>Enfants<\/td>\n      <td>150 \u20ac<\/td>\n    <\/tr>\n    <tr>\n      <td>Arts cr\u00e9atifs <span style=\"float: right; color: red;\">NOUVEAU<\/span><\/td>\n      <td>Adultes<\/td>\n      <td>180 \u20ac<\/td>\n    <\/tr>\n    <tr>\n      <td>Modern Jazz<\/td>\n      <td>Ados<\/td>\n      <td>200 \u20ac<\/td>\n    <\/tr>\n    <tr>\n      <td>Modern Jazz<\/td>\n      <td>Adultes<\/td>\n      <td>200 \u20ac<\/td>\n    <\/tr>\n    <tr>\n      <td>Afro Jazz Contemporain<\/td>\n      <td>Adultes<\/td>\n      <td>200 \u20ac<\/td>\n    <\/tr>\n    <tr>\n      <td>Hip-Hop<\/td>\n      <td>Enfants \/ Ados<\/td>\n      <td>200 \u20ac<\/td>\n    <\/tr>\n    <tr>\n      <td>Yoga Vinyasa \/ Yin-Yang<\/td>\n      <td>Ados \/ Adultes<\/td>\n      <td>200 \u20ac<\/td>\n    <\/tr>\n    <tr>\n      <td>Pilates <span style=\"float: right; color: red;\">NOUVEAU<\/span><\/td>\n      <td>Ados \/ Adultes<\/td>\n      <td>200 \u20ac<\/td>\n    <\/tr>\n    <tr>\n      <td>Th\u00e9\u00e2tre<\/td>\n      <td>Adultes<\/td>\n      <td>200 \u20ac<\/td>\n    <\/tr>\n    <tr>\n      <td>Afro Contemporain \u2013 Atelier mensuel (7 s\u00e9ances) <span style=\"float: right; color: red;\">NOUVEAU<\/span><\/td>\n      <td>Adultes<\/td>\n      <td>80 \u20ac<\/td>\n    <\/tr>\n  <\/tbody>\n<\/table>\n\n\n\n<p><em>* Si vous choisissez de ne pas poursuivre apr\u00e8s le cours d\u2019essai, <strong>l\u2019adh\u00e9sion (10\u202f\u20ac) et la cotisation annuelle r\u00e9gl\u00e9es en amont seront int\u00e9gralement rembours\u00e9es<\/strong>.<\/em><\/p>\n\n\n\n<p><\/p>\n","protected":false},"excerpt":{"rendered":"<p>Les inscriptions se font en ligne sur HelloAsso :\ud83d\udc49 Je m\u2019inscris pour la saison 2025\u20132026 Comment \u00e7a fonctionne ? \u2013 Lors de l\u2019inscription en ligne, un montant de 10\u202f\u20ac est demand\u00e9.Il s\u2019agit de l\u2019adh\u00e9sion \u00e0 l\u2019association, et cela permet de &hellip;<\/p>\n<p class=\"read-more\"> <a class=\"more-link\" href=\"https:\/\/shazzam.fr\/?page_id=232\"> <span class=\"screen-reader-text\">Inscription et tarifs<\/span> Read More &raquo;<\/a><\/p>\n","protected":false},"author":1,"featured_media":0,"parent":0,"menu_order":4,"comment_status":"closed","ping_status":"closed","template":"","meta":{"jetpack_post_was_ever_published":false,"footnotes":""},"class_list":["post-232","page","type-page","status-publish","hentry"],"aioseo_notices":[],"jetpack_sharing_enabled":true,"jetpack_shortlink":"https:\/\/wp.me\/P7QmCV-3K","jetpack-related-posts":[{"id":935,"url":"https:\/\/shazzam.fr\/?page_id=935","url_meta":{"origin":232,"position":0},"title":"Th\u00e9\u00e2tre","author":"thoune","date":"24\/08\/2019","format":false,"excerpt":"Avec la Tr\u2019oups \u2013 Atelier com\u00e9die Un rendez-vous hebdomadaire pour adultesLa Tr\u2019oups se retrouve chaque semaine pour 1h30 d\u2019atelier, dans une ambiance d\u00e9tendue et joyeuse.Pas de Moli\u00e8re ici, mais de la com\u00e9die, du jeu, et beaucoup de rires ! Un apprentissage progressifSandrine propose des exercices autour de la voix, du\u2026","rel":"","context":"Article similaire","block_context":{"text":"Article similaire","link":""},"img":{"alt_text":"","src":"","width":0,"height":0},"classes":[]},{"id":261,"url":"https:\/\/shazzam.fr\/","url_meta":{"origin":232,"position":1},"title":"Bienvenue !","author":"thoune","date":"28\/08\/2016","format":false,"excerpt":"Depuis plus de 10 ans, Shazz\u2019am fait vibrer petits et grands \u00e0 Saint-V\u00e9rand, dans la Vall\u00e9e d\u2019Azergues, en plein c\u0153ur du Beaujolais. Tout a commenc\u00e9 avec la danse\u2026 et au fil des ann\u00e9es, de nouveaux cours sont venus enrichir l\u2019aventure. ll y en a pour tous les go\u00fbts, et pour\u2026","rel":"","context":"Article similaire","block_context":{"text":"Article similaire","link":""},"img":{"alt_text":"","src":"","width":0,"height":0},"classes":[]},{"id":1299,"url":"https:\/\/shazzam.fr\/?page_id=1299","url_meta":{"origin":232,"position":2},"title":"Les Mains Cr\u00e9atives","author":"thoune","date":"18\/09\/2023","format":false,"excerpt":"\u00a0 Enfants - Un atelier pour explorer Ici, on touche \u00e0 tout : argile, peinture, bois, dessin, mat\u00e9riaux de r\u00e9cup\u00e9ration\u2026Les enfants exp\u00e9rimentent diff\u00e9rentes mati\u00e8res et techniques, \u00e0 leur rythme. La cr\u00e9ativit\u00e9 au centre Il n\u2019y a pas d\u2019objectif \u00e0 atteindre, pas de mod\u00e8le \u00e0 reproduire.Ce qui compte, c\u2019est le plaisir\u2026","rel":"","context":"Article similaire","block_context":{"text":"Article similaire","link":""},"img":{"alt_text":"","src":"https:\/\/i0.wp.com\/yjrugct.cluster028.hosting.ovh.net\/wp-content\/uploads\/2023\/09\/IMG_2660-300x149.jpg?resize=350%2C200","width":350,"height":200},"classes":[]},{"id":1421,"url":"https:\/\/shazzam.fr\/?page_id=1421","url_meta":{"origin":232,"position":3},"title":"Pilates","author":"thoune","date":"30\/07\/2025","format":false,"excerpt":"Nouveau Cours adultes Un renforcement en douceurLe Pilates est une m\u00e9thode qui permet de travailler les muscles profonds, notamment ceux du dos, des abdominaux et du plancher pelvien, sans impact ni brutalit\u00e9. Ce qu\u2019on y travaille :\u2013 Posture et alignement\u2013 Respiration contr\u00f4l\u00e9e\u2013 Gainage et tonification\u2013 Souplesse et concentration Pour qui\u2026","rel":"","context":"Article similaire","block_context":{"text":"Article similaire","link":""},"img":{"alt_text":"","src":"https:\/\/i0.wp.com\/shazzam.fr\/wp-content\/uploads\/2025\/07\/Pilates-Shazzam-posture.png?resize=350%2C200&ssl=1","width":350,"height":200,"srcset":"https:\/\/i0.wp.com\/shazzam.fr\/wp-content\/uploads\/2025\/07\/Pilates-Shazzam-posture.png?resize=350%2C200&ssl=1 1x, https:\/\/i0.wp.com\/shazzam.fr\/wp-content\/uploads\/2025\/07\/Pilates-Shazzam-posture.png?resize=525%2C300&ssl=1 1.5x, https:\/\/i0.wp.com\/shazzam.fr\/wp-content\/uploads\/2025\/07\/Pilates-Shazzam-posture.png?resize=700%2C400&ssl=1 2x, https:\/\/i0.wp.com\/shazzam.fr\/wp-content\/uploads\/2025\/07\/Pilates-Shazzam-posture.png?resize=1050%2C600&ssl=1 3x"},"classes":[]},{"id":1194,"url":"https:\/\/shazzam.fr\/?page_id=1194","url_meta":{"origin":232,"position":4},"title":"Yoga","author":"thoune","date":"16\/08\/2022","format":false,"excerpt":"Cours pour ados et adultes, anim\u00e9 par Coralie & France Yin\/Yang YogaUn yoga tout en \u00e9quilibre, qui alterne deux \u00e9nergies :\u2013 Le Yin, lent et profond, pour d\u00e9tendre le corps et rel\u00e2cher les tensions\u2013 Le Yang, plus tonique, pour activer l\u2019\u00e9nergie, mobiliser les articulations et renforcer la posture Ce qu\u2019on\u2026","rel":"","context":"Article similaire","block_context":{"text":"Article similaire","link":""},"img":{"alt_text":"Portrait de Coralie en posture de yoga Vinyasa","src":"https:\/\/i0.wp.com\/shazzam.fr\/wp-content\/uploads\/2022\/08\/Coralie-Alix_YogaP.jpg?resize=350%2C200&ssl=1","width":350,"height":200,"srcset":"https:\/\/i0.wp.com\/shazzam.fr\/wp-content\/uploads\/2022\/08\/Coralie-Alix_YogaP.jpg?resize=350%2C200&ssl=1 1x, https:\/\/i0.wp.com\/shazzam.fr\/wp-content\/uploads\/2022\/08\/Coralie-Alix_YogaP.jpg?resize=525%2C300&ssl=1 1.5x, https:\/\/i0.wp.com\/shazzam.fr\/wp-content\/uploads\/2022\/08\/Coralie-Alix_YogaP.jpg?resize=700%2C400&ssl=1 2x, https:\/\/i0.wp.com\/shazzam.fr\/wp-content\/uploads\/2022\/08\/Coralie-Alix_YogaP.jpg?resize=1050%2C600&ssl=1 3x, https:\/\/i0.wp.com\/shazzam.fr\/wp-content\/uploads\/2022\/08\/Coralie-Alix_YogaP.jpg?resize=1400%2C800&ssl=1 4x"},"classes":[]},{"id":19,"url":"https:\/\/shazzam.fr\/?page_id=19","url_meta":{"origin":232,"position":5},"title":"Danse","author":"thoune","date":"19\/08\/2016","format":false,"excerpt":"Depuis toujours, la danse est au c\u0153ur de l\u2019association Shazz\u2019am.Aujourd\u2019hui, plusieurs cours autour du Modern Jazz et de l\u2019Afro Jazz sont propos\u00e9s chaque semaine, pour tous les \u00e2ges \u00e0 partir de 7 ans. Modern Jazz Entre \u00e9nergie, expression et libert\u00e9 de mouvement, le modern jazz chez Shazz\u2019am m\u00eale diff\u00e9rents styles\u2026","rel":"","context":"Article similaire","block_context":{"text":"Article similaire","link":""},"img":{"alt_text":"","src":"","width":0,"height":0},"classes":[]}],"_links":{"self":[{"href":"https:\/\/shazzam.fr\/index.php?rest_route=\/wp\/v2\/pages\/232","targetHints":{"allow":["GET"]}}],"collection":[{"href":"https:\/\/shazzam.fr\/index.php?rest_route=\/wp\/v2\/pages"}],"about":[{"href":"https:\/\/shazzam.fr\/index.php?rest_route=\/wp\/v2\/types\/page"}],"author":[{"embeddable":true,"href":"https:\/\/shazzam.fr\/index.php?rest_route=\/wp\/v2\/users\/1"}],"replies":[{"embeddable":true,"href":"https:\/\/shazzam.fr\/index.php?rest_route=%2Fwp%2Fv2%2Fcomments&post=232"}],"version-history":[{"count":58,"href":"https:\/\/shazzam.fr\/index.php?rest_route=\/wp\/v2\/pages\/232\/revisions"}],"predecessor-version":[{"id":1506,"href":"https:\/\/shazzam.fr\/index.php?rest_route=\/wp\/v2\/pages\/232\/revisions\/1506"}],"wp:attachment":[{"href":"https:\/\/shazzam.fr\/index.php?rest_route=%2Fwp%2Fv2%2Fmedia&parent=232"}],"curies":[{"name":"wp","href":"https:\/\/api.w.org\/{rel}","templated":true}]}}